{"id":1048,"date":"2018-10-31T15:00:25","date_gmt":"2018-10-31T15:00:25","guid":{"rendered":"http:\/\/morent.michaelkurzweil.com\/?page_id=1048"},"modified":"2018-12-06T14:35:59","modified_gmt":"2018-12-06T14:35:59","slug":"leistungen-unternehmensrecht-gesellschaftsrecht","status":"publish","type":"page","link":"https:\/\/fmatsch.ist\/tech\/generatoren\/leistungen-unternehmensrecht-gesellschaftsrecht\/","title":{"rendered":"Leistungen &#8211; Unternehmensrecht \/ Gesellschaftsrecht"},"content":{"rendered":"<p>[vc_section section_custom_media_type=&#8220;image&#8220; section_background_image_size=&#8220;uk-background-cover&#8220; section_background_image_repeat=&#8220;uk-background-norepeat&#8220; section_background_image_position=&#8220;uk-background-bottom-center&#8220; section_background_image_effect=&#8220;parallax&#8220; section_background_image_visibility=&#8220;@m&#8220; section_bottom_shape_divider=&#8220;triangle_opacity_2&#8243; section_background_image=&#8220;1391&#8243; section_bottom_shape_divider_color=&#8220;#ffffff&#8220; section_bottom_shape_divider_height=&#8220;380&#8243; dahz_id=&#8220;&#8220; section_background_image_parallax=&#8220;%7B%22parallax-options-x-start-range%22%3A%220%22%2C%22parallax-options-x-end-range%22%3A%220%22%2C%22parallax-options-y-start-range%22%3A%22400%22%2C%22parallax-options-y-end-range%22%3A%22150%22%2C%22parallax-options-show-advance-settings%22%3A%22false%22%2C%22parallax-options-scale-start-range%22%3A%221%22%2C%22parallax-options-scale-end-range%22%3A%221%22%2C%22parallax-options-rotate-start-range%22%3A%220%22%2C%22parallax-options-rotate-end-range%22%3A%220%22%2C%22parallax-options-opacity-start-range%22%3A%221%22%2C%22parallax-options-opacity-end-range%22%3A%221%22%2C%22parallax-options-easing-range%22%3A%220%22%2C%22parallax-options-viewport-range%22%3A%220%22%2C%22parallax-options-enable-repeat%22%3A%22false%22%2C%22parallax-options-enable-z-index%22%3A%22false%22%2C%22parallax-options-breakpoint%22%3A%22%22%7D&#8220;][vc_row row_enable_full_height=&#8220;true&#8220; row_column_content_position=&#8220;uk-flex-top&#8220; row_custom_media_type=&#8220;none&#8220; row_bottom_shape_divider=&#8220;&#8220; dahz_id=&#8220;1537282364413-d263bf37-4d34&#8243;][vc_column column_padding=&#8220;small&#8220; width=&#8220;7\/12&#8243; offset=&#8220;vc_hidden-sm&#8220;][\/vc_column][vc_column width=&#8220;5\/12&#8243;][vc_row_inner dahz_id=&#8220;1537543632181-461a237e-c63d&#8220;][vc_column_inner offset=&#8220;vc_hidden-sm&#8220; css=&#8220;.vc_custom_1537458216148{padding-top: 5.0vh !important;}&#8220;][\/vc_column_inner][\/vc_row_inner][vc_row_inner dahz_id=&#8220;1537458033328-1f2fdc32-c66a&#8220; row_color_overlay=&#8220;rgba(255,255,255,0.5)&#8220;][vc_column_inner column_padding=&#8220;large&#8220;][vc_column_text remove_top_margin=&#8220;true&#8220; visibility=&#8220;de-hidden@m de-hidden@l&#8220;]<img loading=\"lazy\" class=\"alignnone wp-image-1391 size-full\" src=\"https:\/\/fmatsch.ist\/tech\/generatoren\/wp-content\/uploads\/2018\/12\/unternehmensrecht.jpg\" alt=\"\" width=\"1920\" height=\"1434\" srcset=\"https:\/\/fmatsch.ist\/tech\/generatoren\/wp-content\/uploads\/2018\/12\/unternehmensrecht.jpg 1920w, https:\/\/fmatsch.ist\/tech\/generatoren\/wp-content\/uploads\/2018\/12\/unternehmensrecht-300x224.jpg 300w, https:\/\/fmatsch.ist\/tech\/generatoren\/wp-content\/uploads\/2018\/12\/unternehmensrecht-768x574.jpg 768w, https:\/\/fmatsch.ist\/tech\/generatoren\/wp-content\/uploads\/2018\/12\/unternehmensrecht-1024x765.jpg 1024w\" sizes=\"(max-width: 1920px) 100vw, 1920px\" \/>[\/vc_column_text]<div data-uk-scrollspy=\"cls: uk-animation-slide-left-medium;\" data-dahz-shortcode-key=\"1537282364585-73b21db4-5aec\" style=\"\" class=\"de-shortcode__wrapper de-shortcode__wrapper--dahz_single_image uk-margin de-hidden@s\">\r\n\t<a class=\"de-single-image__wrapper uk-flex uk-flex-left\">\r\n\t<div>\r\n\t\t<img width=\"50\" height=\"70\" src=\"https:\/\/fmatsch.ist\/tech\/generatoren\/wp-content\/uploads\/2018\/09\/vert-border2.png\" class=\"   attachment-full\" alt=\"\" loading=\"lazy\" \/>\t<\/div>\r\n<\/a>\r\n<\/div>\r\n[vc_custom_heading text=&#8220;Unternehmensrecht \/ Gesellschaftsrecht&#8220; font_container=&#8220;tag:h3|font_size:28pt|text_align:left|line_height:1.25&#8243; use_theme_fonts=&#8220;yes&#8220; css_animation=&#8220;uk-animation-slide-right-medium&#8220; margin=&#8220;default&#8220; dahz_id=&#8220;1537282364619-5913ca5d-759f&#8220;][vc_column_text]<\/p>\n<div class=\"uk-position-relative\">\n<div class=\"de-textblock-wrapper\">\n<p>Auf diesem Gebiet betreuen, beraten und vertreten wir Unternehmen aller Gesellschaftsformen<br \/>\n(OG, KG, GmbH, AG etc.) und Unternehmer pers\u00f6nlich in allen gesellschaftsrechtlichen Fragen von der Gr\u00fcndung \u00fcber die F\u00fchrung bis zum Verkauf eines Unternehmens.<br \/>\nSteuerliche Fragen werden bei der gesellschaftsrechtlichen Beratung durch die Hinzuziehung von Steuerberatern ber\u00fccksichtigt.<br \/>\nWir verstehen uns auf diesem Gebiet als Ihre &#8222;ausgegliederte Rechtsabteilung&#8220;.<\/p>\n<ul>\n<li>Recht der Kapital- und Personengesellschaften<\/li>\n<li>Umwandlungen und sonstige Reorganisationen<\/li>\n<li>Allgemeine Gesch\u00e4ftsbedingungen<\/li>\n<li>Handelsvertretervertr\u00e4ge<\/li>\n<li>Firmengr\u00fcndungen<\/li>\n<li>Gesellschaftervertr\u00e4ge<\/li>\n<\/ul>\n<p><a href=\"https:\/\/fmatsch.ist\/tech\/generatoren\/leistungen\/\">\u00ab zur\u00fcck zur Leistungs\u00fcbersicht<\/a><\/p>\n<\/div>\n<\/div>\n<p>[\/vc_column_text][\/vc_column_inner][\/vc_row_inner][\/vc_column][\/vc_row][\/vc_section]<\/p>\n","protected":false},"excerpt":{"rendered":"<p>[vc_section section_custom_media_type=&#8220;image&#8220; section_background_image_size=&#8220;uk-background-cover&#8220; section_background_image_repeat=&#8220;uk-background-norepeat&#8220; section_background_image_position=&#8220;uk-background-bottom-center&#8220; section_background_image_effect=&#8220;parallax&#8220; section_background_image_visibility=&#8220;@m&#8220; section_bottom_shape_divider=&#8220;triangle_opacity_2&#8243; section_background_image=&#8220;1391&#8243; section_bottom_shape_divider_color=&#8220;#ffffff&#8220; section_bottom_shape_divider_height=&#8220;380&#8243; dahz_id=&#8220;&#8220; section_background_image_parallax=&#8220;%7B%22parallax-options-x-start-range%22%3A%220%22%2C%22parallax-options-x-end-range%22%3A%220%22%2C%22parallax-options-y-start-range%22%3A%22400%22%2C%22parallax-options-y-end-range%22%3A%22150%22%2C%22parallax-options-show-advance-settings%22%3A%22false%22%2C%22parallax-options-scale-start-range%22%3A%221%22%2C%22parallax-options-scale-end-range%22%3A%221%22%2C%22parallax-options-rotate-start-range%22%3A%220%22%2C%22parallax-options-rotate-end-range%22%3A%220%22%2C%22parallax-options-opacity-start-range%22%3A%221%22%2C%22parallax-options-opacity-end-range%22%3A%221%22%2C%22parallax-options-easing-range%22%3A%220%22%2C%22parallax-options-viewport-range%22%3A%220%22%2C%22parallax-options-enable-repeat%22%3A%22false%22%2C%22parallax-options-enable-z-index%22%3A%22false%22%2C%22parallax-options-breakpoint%22%3A%22%22%7D&#8220;][vc_row row_enable_full_height=&#8220;true&#8220; row_column_content_position=&#8220;uk-flex-top&#8220; row_custom_media_type=&#8220;none&#8220; row_bottom_shape_divider=&#8220;&#8220; dahz_id=&#8220;1537282364413-d263bf37-4d34&#8243;][vc_column column_padding=&#8220;small&#8220; width=&#8220;7\/12&#8243; offset=&#8220;vc_hidden-sm&#8220;][\/vc_column][vc_column width=&#8220;5\/12&#8243;][vc_row_inner dahz_id=&#8220;1537543632181-461a237e-c63d&#8220;][vc_column_inner offset=&#8220;vc_hidden-sm&#8220; css=&#8220;.vc_custom_1537458216148{padding-top: 5.0vh !important;}&#8220;][\/vc_column_inner][\/vc_row_inner][vc_row_inner dahz_id=&#8220;1537458033328-1f2fdc32-c66a&#8220; row_color_overlay=&#8220;rgba(255,255,255,0.5)&#8220;][vc_column_inner column_padding=&#8220;large&#8220;][vc_column_text remove_top_margin=&#8220;true&#8220; visibility=&#8220;de-hidden@m de-hidden@l&#8220;][\/vc_column_text][vc_custom_heading text=&#8220;Unternehmensrecht \/ Gesellschaftsrecht&#8220; font_container=&#8220;tag:h3|font_size:28pt|text_align:left|line_height:1.25&#8243; use_theme_fonts=&#8220;yes&#8220; css_animation=&#8220;uk-animation-slide-right-medium&#8220; margin=&#8220;default&#8220; dahz_id=&#8220;1537282364619-5913ca5d-759f&#8220;][vc_column_text] Auf diesem Gebiet betreuen, beraten und vertreten wir Unternehmen aller Gesellschaftsformen (OG, KG, GmbH,<\/p>\n","protected":false},"author":1,"featured_media":0,"parent":0,"menu_order":0,"comment_status":"closed","ping_status":"closed","template":"","meta":[],"_links":{"self":[{"href":"https:\/\/fmatsch.ist\/tech\/generatoren\/wp-json\/wp\/v2\/pages\/1048"}],"collection":[{"href":"https:\/\/fmatsch.ist\/tech\/generatoren\/wp-json\/wp\/v2\/pages"}],"about":[{"href":"https:\/\/fmatsch.ist\/tech\/generatoren\/wp-json\/wp\/v2\/types\/page"}],"author":[{"embeddable":true,"href":"https:\/\/fmatsch.ist\/tech\/generatoren\/wp-json\/wp\/v2\/users\/1"}],"replies":[{"embeddable":true,"href":"https:\/\/fmatsch.ist\/tech\/generatoren\/wp-json\/wp\/v2\/comments?post=1048"}],"version-history":[{"count":7,"href":"https:\/\/fmatsch.ist\/tech\/generatoren\/wp-json\/wp\/v2\/pages\/1048\/revisions"}],"predecessor-version":[{"id":1550,"href":"https:\/\/fmatsch.ist\/tech\/generatoren\/wp-json\/wp\/v2\/pages\/1048\/revisions\/1550"}],"wp:attachment":[{"href":"https:\/\/fmatsch.ist\/tech\/generatoren\/wp-json\/wp\/v2\/media?parent=1048"}],"curies":[{"name":"wp","href":"https:\/\/api.w.org\/{rel}","templated":true}]}}